{"id":85,"date":"2014-03-30T17:59:47","date_gmt":"2014-03-30T16:59:47","guid":{"rendered":"http:\/\/bm.mecreant.org\/?page_id=85"},"modified":"2014-03-30T17:59:47","modified_gmt":"2014-03-30T16:59:47","slug":"2013-3","status":"publish","type":"page","link":"https:\/\/bobmorane.noosfere.org\/?page_id=85","title":{"rendered":"2013"},"content":{"rendered":"<h3>Laur\u00e9ats<\/h3>\n<div id=\"laureats\">\n<ul>\n<li>Roman francophone :\u00a0<b>Vestiges<\/b>, Laurence Suhner\u00a0(L&rsquo;Atalante)<\/li>\n<li>Roman traduit :\u00a0<b>La fille automate<\/b>, Paolo Bacigalupi\u00a0(Au diable vauvert, traduit par Sara Doke)<\/li>\n<li>Nouvelle ou recueil de nouvelles :\u00a0<b>Le train de la r\u00e9alit\u00e9<\/b>, Roland C. Wagner\u00a0(L&rsquo;Atalante)<\/li>\n<li>Coup de c\u0153ur :\u00a0L&rsquo;int\u00e9grale\u00a0<b>Omale<\/b>\u00a0de Laurent Genefort, Deno\u00ebl Lunes d&rsquo;Encre<\/li>\n<\/ul>\n<\/div>\n<h3>\u00a0Finalistes<\/h3>\n<h4>Romans francophones<\/h4>\n<ul>\n<li>Paul Beorn :\u00a0<span style=\"color: #e00000;\"><b>Les derniers parfaits<\/b><\/span>, Mn\u00e9mos<\/li>\n<li>Nathalie Dau :\u00a0<span style=\"color: #e00000;\"><b>La Somme des r\u00eaves<\/b><\/span>, Asgard<\/li>\n<li>Thomas Day :\u00a0<span style=\"color: #e00000;\"><b>Du sel sous les paupi\u00e8res<\/b><\/span>, Folio SF<\/li>\n<li>Laurent Genefort :\u00a0<span style=\"color: #e00000;\"><b>points Chauds<\/b><\/span>, Le B\u00e9lial&rsquo;<\/li>\n<li>Laurence Suhner :\u00a0<span style=\"color: #e00000;\"><b>Vestiges<\/b><\/span>, L&rsquo;Atalante<\/li>\n<\/ul>\n<h4>Romans traduits<\/h4>\n<ul>\n<li>Ben Aaronovitch :\u00a0<span style=\"color: #e00000;\"><b>Les rivi\u00e8res de Londres<\/b><\/span>, Nouveaux Mill\u00e9naires (traduit par Benoit Domis)<\/li>\n<li>Paolo Bacigalupi :\u00a0<span style=\"color: #e00000;\"><b>La fille automate<\/b><\/span>, Au diable vauvert (traduit par Sara Doke)<\/li>\n<li>Alden Bell :\u00a0<span style=\"color: #e00000;\"><b>Les faucheurs sont les anges<\/b><\/span>, Bragelonne (traduit par Tristan Lathi\u00e8re)<\/li>\n<li>David Chandler :\u00a0<span style=\"color: #e00000;\"><b>L&rsquo;antre des voleurs T1<\/b><\/span>, Milady (traduit par Benjamin Kuntzer)<\/li>\n<li>Greg Egan :\u00a0<span style=\"color: #e00000;\"><b>Zendegi<\/b><\/span>, Le B\u00e9lial&rsquo; (traduit par Pierre-Paul Durastanti)<\/li>\n<li>Marc Lawrence :\u00a0<span style=\"color: #e00000;\"><b>Le prince \u00e9corch\u00e9<\/b><\/span>, Bragelonne (traduit par Claire Kreutzberger)<\/li>\n<li>Ian McDonald :\u00a0<span style=\"color: #e00000;\"><b>La maison des Derviches<\/b><\/span>, Deno\u00ebl (traduit par Jean-Pierre Pugi)<\/li>\n<li>Connie Willis :\u00a0<span style=\"color: #e00000;\"><b>Black Out<\/b><\/span>, Bragelonne (traduit par Jo\u00eblle Wintrebert)<\/li>\n<\/ul>\n<h4>Nouvelles<\/h4>\n<ul>\n<li>Lionel Davoust :\u00a0<span style=\"color: #e00000;\"><b>Faisabilit\u00e9 et int\u00e9r\u00eat zootechniques de la m\u00e9tamorphose de masse<\/b><\/span>,\u00a0<i>in<\/i>\u00a0Fragments d&rsquo;une Fantasy antique, Mn\u00e9mos<\/li>\n<li>Thomas Day :\u00a0<span style=\"color: #e00000;\"><b>Women in chains<\/b><\/span>, ActuSF<\/li>\n<li>Franck Ferric :\u00a0<span style=\"color: #e00000;\"><b>Dans les murs<\/b><\/span>, Rivi\u00e8re blanche<\/li>\n<li>Gudule :\u00a0<span style=\"color: #e00000;\"><b>Jeu virtuel<\/b><\/span>, Galaxies 17<\/li>\n<li>Peter F. Hamilton :\u00a0<span style=\"color: #e00000;\"><b>Le pi\u00e8ge \u00e0 d\u00e9mons<\/b><\/span>,\u00a0<i>in<\/i>\u00a0Manhattan \u00e0 l&rsquo;envers, Bragelonne<\/li>\n<li>Stephen King :\u00a0<span style=\"color: #e00000;\"><b>Nuit noire, \u00e9toiles mortes<\/b><\/span>, Albin Michel<\/li>\n<li>Roland C. Wagner :\u00a0<span style=\"color: #e00000;\"><b>Le train de la r\u00e9alit\u00e9<\/b><\/span>, L&rsquo;atalante<\/li>\n<\/ul>\n<h4>Coup de coeur<\/h4>\n<ul>\n<li><span style=\"color: #e00000;\"><b>La science-fiction en France &#8211; Th\u00e9orie et histoire d&rsquo;une litt\u00e9rature<\/b><\/span>\u00a0de Simon Br\u00e9an, PU Paris Sorbonne<\/li>\n<li><span style=\"color: #e00000;\"><b>Le dictionnaire Tolkien<\/b><\/span>\u00a0dirig\u00e9 par Vincent Ferr\u00e9, CNRS Editions<\/li>\n<li>L&rsquo;int\u00e9grale\u00a0<span style=\"color: #e00000;\"><b>Omale<\/b><\/span>\u00a0de Laurent Genefort, Deno\u00ebl Lunes d&rsquo;Encre<\/li>\n<li>L&rsquo;int\u00e9grale\u00a0<span style=\"color: #e00000;\"><b>F\u00e9\u00e9rie pour les t\u00e9n\u00e8bres<\/b><\/span>\u00a0de J\u00e9rome Noirez, Le B\u00e9lial<\/li>\n<li>La collection\u00a0<span style=\"color: #e00000;\"><b>Thriller<\/b><\/span>\u00a0chez Rageot<\/li>\n<\/ul>\n","protected":false},"excerpt":{"rendered":"<p>Laur\u00e9ats Roman francophone :\u00a0Vestiges, Laurence Suhner\u00a0(L&rsquo;Atalante) Roman traduit :\u00a0La fille automate, Paolo Bacigalupi\u00a0(Au diable vauvert, traduit par Sara Doke) Nouvelle ou recueil de nouvelles :\u00a0Le train de la r\u00e9alit\u00e9, Roland C. Wagner\u00a0(L&rsquo;Atalante) Coup de c\u0153ur :\u00a0L&rsquo;int\u00e9grale\u00a0Omale\u00a0de Laurent Genefort, Deno\u00ebl Lunes &hellip; <a href=\"https:\/\/bobmorane.noosfere.org\/?page_id=85\">Continuer la lecture <span class=\"meta-nav\">&rarr;<\/span><\/a><\/p>\n","protected":false},"author":1,"featured_media":0,"parent":0,"menu_order":0,"comment_status":"closed","ping_status":"closed","template":"","meta":{"footnotes":""},"class_list":["post-85","page","type-page","status-publish","hentry"],"_links":{"self":[{"href":"https:\/\/bobmorane.noosfere.org\/index.php?rest_route=\/wp\/v2\/pages\/85","targetHints":{"allow":["GET"]}}],"collection":[{"href":"https:\/\/bobmorane.noosfere.org\/index.php?rest_route=\/wp\/v2\/pages"}],"about":[{"href":"https:\/\/bobmorane.noosfere.org\/index.php?rest_route=\/wp\/v2\/types\/page"}],"author":[{"embeddable":true,"href":"https:\/\/bobmorane.noosfere.org\/index.php?rest_route=\/wp\/v2\/users\/1"}],"replies":[{"embeddable":true,"href":"https:\/\/bobmorane.noosfere.org\/index.php?rest_route=%2Fwp%2Fv2%2Fcomments&post=85"}],"version-history":[{"count":1,"href":"https:\/\/bobmorane.noosfere.org\/index.php?rest_route=\/wp\/v2\/pages\/85\/revisions"}],"predecessor-version":[{"id":86,"href":"https:\/\/bobmorane.noosfere.org\/index.php?rest_route=\/wp\/v2\/pages\/85\/revisions\/86"}],"wp:attachment":[{"href":"https:\/\/bobmorane.noosfere.org\/index.php?rest_route=%2Fwp%2Fv2%2Fmedia&parent=85"}],"curies":[{"name":"wp","href":"https:\/\/api.w.org\/{rel}","templated":true}]}}