{"id":71,"date":"2014-03-30T16:35:59","date_gmt":"2014-03-30T15:35:59","guid":{"rendered":"http:\/\/bm.mecreant.org\/?page_id=71"},"modified":"2014-03-30T16:36:16","modified_gmt":"2014-03-30T15:36:16","slug":"2013-2","status":"publish","type":"page","link":"https:\/\/bobmorane.noosfere.org\/?page_id=71","title":{"rendered":"2014"},"content":{"rendered":"<h3>Laur\u00e9ats<\/h3>\n<div id=\"laureats\">\n<ul>\n<li>Roman francophone :\u00a0<span style=\"color: #c00000;\"><b>Rainbow Warriors<\/b><\/span>, Ayerdhal (Au diable Vauvert)<\/li>\n<li>Roman traduit :\u00a0<span style=\"color: #c00000;\"><b>Les Insulaires<\/b><\/span>, Christopher Priest (Deno\u00ebl, traduit par Michelle Charrier)<\/li>\n<li>Nouvelle ou recueil de nouvelles :\u00a0<span style=\"color: #c00000;\"><b>Cru<\/b><\/span>, luvan (Dystopia workshop)<\/li>\n<li>Coup de c\u0153ur :\u00a0<span style=\"color: #c00000;\"><b>Steampunk, de vapeur et d&rsquo;acier<\/b><\/span>, de Didier Graffet &amp; Xavier Maum\u00e9jean<\/li>\n<\/ul>\n<\/div>\n<h3><\/h3>\n<h3>Finalistes<\/h3>\n<div id=\"nomines\">\n<h4><\/h4>\n<h4>Romans francophones<\/h4>\n<ul>\n<li>Ayerdhal :\u00a0<span style=\"color: #e00000;\"><b>Rainbow Warriors<\/b><\/span>, Au Diable Vauvert<\/li>\n<li>Pierre Bordage\u00a0:<span style=\"color: #e00000;\"><b>\u00a0Chroniques des ombres<\/b><\/span>, Au diable vauvert<\/li>\n<li>Thomas Gunzig :\u00a0<span style=\"color: #e00000;\"><b>Manuel de survie \u00e0 l&rsquo;usage des incapables<\/b><\/span>, Au Diable Vauvert<\/li>\n<li>Johan H\u00e9liot :\u00a0<span style=\"color: #e00000;\"><b>Fran\u00e7atome<\/b><\/span>, Mn\u00e9mos<\/li>\n<li>Jean-Philippe Jaworski :\u00a0<span style=\"color: #e00000;\"><b>M\u00eame pas mort<\/b><\/span>, Les Moutons Electriques<\/li>\n<\/ul>\n<h4>Romans traduits<\/h4>\n<ul>\n<li>Paolo Bacigalupi :\u00a0<span style=\"color: #e00000;\"><b>Ferailleurs des mers<\/b><\/span>, Au Diable Vauvert (traduit par Sara Doke)<\/li>\n<li>Project Itoh\u00a0:<span style=\"color: #e00000;\"><b>\u00a0Harmonie<\/b><\/span>, Panini books (traduit par Christophe Cuq)<\/li>\n<li>Stephen King\u00a0:<span style=\"color: #e00000;\"><b>\u00a0Docteur Sleep<\/b><\/span>, Albin Michel (traduit par Nadine Gassie)<\/li>\n<li>China Mi\u00e9ville :\u00a0<span style=\"color: #e00000;\"><b>Kraken<\/b><\/span>, Fleuve Noir (traduit par Nathalie M\u00e8ge)<\/li>\n<li>Christopher Priest :\u00a0<span style=\"color: #e00000;\"><b>Les insulaires\u00a0<\/b><\/span>, Deno\u00ebl (traduit par Michelle Charrier)<\/li>\n<li>Rod Rees :\u00a0<span style=\"color: #e00000;\"><b>Hiver, le demi-monde T1<\/b><\/span>, J&rsquo;ai Lu (traduit par Florence Dolisi)<\/li>\n<\/ul>\n<h4>Nouvelles<\/h4>\n<ul>\n<li>Nina Allan\u00a0:<span style=\"color: #e00000;\"><b>\u00a0Complications<\/b><\/span>, Tristram<\/li>\n<li>Jean-Pierre Andrevon\u00a0:<span style=\"color: #e00000;\"><b>\u00a0Demain le monde<\/b><\/span>, Le B\u00e9lial<\/li>\n<li>Thomas Day :\u00a0<span style=\"color: #e00000;\"><b>Sept secondes pour devenir un aigle<\/b><\/span>, Le B\u00e9lial (pour l&rsquo;ensemble des nouvelles in\u00e9dites du recueil)<\/li>\n<li>Luvan\u00a0:<span style=\"color: #e00000;\"><b>\u00a0Cru<\/b><\/span>, \u00c9ditions Dystopia<\/li>\n<li>Michel Pagel :\u00a0<span style=\"color: #e00000;\"><b>Cosplay<\/b><\/span>, in Bifrost 71, Le B\u00e9lial<\/li>\n<\/ul>\n<h4>Coup de coeur<\/h4>\n<ul>\n<li>Jean-Pierre Andrevon\u00a0:<span style=\"color: #e00000;\"><b>\u00a0100 ans et plus de cin\u00e9ma fantastique et de science-fiction<\/b><\/span>, \u00c9ditions Rouge Profond<\/li>\n<li>Didier Graffet\/Xavier Maum\u00e9jean\u00a0:<span style=\"color: #e00000;\"><b>\u00a0Steampunk, de vapeur et d&rsquo;acier<\/b><\/span>, Le Pr\u00e9 aux Clercs<\/li>\n<li><span style=\"color: #e00000;\"><b>Le Dit de Sargas<\/b><\/span>\u00a0de R\u00e9gis-Antoine Jaulin, Mn\u00e9mos<\/li>\n<li>L&rsquo;anthologie num\u00e9rique gratuite \u00ab\u00a0Walrus Institute\u00a0\u00bb (et les \u00e9ditions Walrus pour d\u00e9fendre le genre in\u00e9dit en num\u00e9rique)<\/li>\n<li><span style=\"color: #e00000;\"><b>Le Passager Clandestin<\/b><\/span>\u00a0pour sa collection de nouvelles SF, \u00ab\u00a0Dyschroniques\u00a0\u00bb<\/li>\n<\/ul>\n<\/div>\n","protected":false},"excerpt":{"rendered":"<p>Laur\u00e9ats Roman francophone :\u00a0Rainbow Warriors, Ayerdhal (Au diable Vauvert) Roman traduit :\u00a0Les Insulaires, Christopher Priest (Deno\u00ebl, traduit par Michelle Charrier) Nouvelle ou recueil de nouvelles :\u00a0Cru, luvan (Dystopia workshop) Coup de c\u0153ur :\u00a0Steampunk, de vapeur et d&rsquo;acier, de Didier Graffet &hellip; <a href=\"https:\/\/bobmorane.noosfere.org\/?page_id=71\">Continuer la lecture <span class=\"meta-nav\">&rarr;<\/span><\/a><\/p>\n","protected":false},"author":1,"featured_media":0,"parent":0,"menu_order":0,"comment_status":"closed","ping_status":"closed","template":"","meta":{"footnotes":""},"class_list":["post-71","page","type-page","status-publish","hentry"],"_links":{"self":[{"href":"https:\/\/bobmorane.noosfere.org\/index.php?rest_route=\/wp\/v2\/pages\/71","targetHints":{"allow":["GET"]}}],"collection":[{"href":"https:\/\/bobmorane.noosfere.org\/index.php?rest_route=\/wp\/v2\/pages"}],"about":[{"href":"https:\/\/bobmorane.noosfere.org\/index.php?rest_route=\/wp\/v2\/types\/page"}],"author":[{"embeddable":true,"href":"https:\/\/bobmorane.noosfere.org\/index.php?rest_route=\/wp\/v2\/users\/1"}],"replies":[{"embeddable":true,"href":"https:\/\/bobmorane.noosfere.org\/index.php?rest_route=%2Fwp%2Fv2%2Fcomments&post=71"}],"version-history":[{"count":2,"href":"https:\/\/bobmorane.noosfere.org\/index.php?rest_route=\/wp\/v2\/pages\/71\/revisions"}],"predecessor-version":[{"id":73,"href":"https:\/\/bobmorane.noosfere.org\/index.php?rest_route=\/wp\/v2\/pages\/71\/revisions\/73"}],"wp:attachment":[{"href":"https:\/\/bobmorane.noosfere.org\/index.php?rest_route=%2Fwp%2Fv2%2Fmedia&parent=71"}],"curies":[{"name":"wp","href":"https:\/\/api.w.org\/{rel}","templated":true}]}}