{"id":29,"date":"2014-03-30T16:07:22","date_gmt":"2014-03-30T15:07:22","guid":{"rendered":"http:\/\/bm.mecreant.org\/?page_id=29"},"modified":"2026-02-01T17:59:16","modified_gmt":"2026-02-01T16:59:16","slug":"jury","status":"publish","type":"page","link":"https:\/\/bobmorane.noosfere.org\/?page_id=29","title":{"rendered":"Jury"},"content":{"rendered":"<h3 style=\"text-align: justify;\">MemBRES<\/h3>\n<div id=\"portrait\" style=\"text-align: justify;\">\n<div id=\"legende\"><\/div>\n<p><b>Marc Bailly<\/b>\u00a0(membre et cr\u00e9ateur depuis 1999)<\/p>\n<\/div>\n<ul style=\"text-align: justify;\">\n<li><a href=\"http:\/\/bobmorane.noosfere.org\/wp-content\/uploads\/2014\/03\/bailly180.jpg\"><img loading=\"lazy\" decoding=\"async\" class=\"size-full wp-image-125 alignleft\" src=\"http:\/\/bobmorane.noosfere.org\/wp-content\/uploads\/2014\/03\/bailly180.jpg\" alt=\"\" width=\"135\" height=\"180\" \/><\/a>Passionn\u00e9 par la litt\u00e9rature depuis mon plus jeune \u00e2ge. La litt\u00e9rature de l\u2019Imaginaire m\u2019a s\u00e9duit d\u00e8s ma d\u00e9couverte de Bob Morane. A partir de l\u00e0, cette passion ne m\u2019a jamais quitt\u00e9.Cr\u00e9ateur de Ph\u00e9nix, la revue de l\u2019Imaginaire en 1985, j\u2019ai \u00e9t\u00e9 directeur de collections et anthologiste pour des maisons d\u2019\u00e9ditions belges et fran\u00e7aises. J\u2019ai dirig\u00e9 plusieurs centaines de livres et plus de quarante anthologies.Je suis le cr\u00e9ateur des Prix Bob Morane (1999) et Masterton (2000), le r\u00e9dacteur en chef de Ph\u00e9nix depuis 1985, le r\u00e9dacteur en chef de SF Mag de 2000 \u00e0 2003, le cr\u00e9ateur du Festival de l\u2019Imagin\u00e8re de 1999 \u00e0 2001 \u00e0 Bruxelles, critique et interviewer fou. Depuis 2021, j\u2019ai mis en sommeil tout le c\u00f4t\u00e9 \u00e9ditorial de mon investissement dans ce domaine.Cr\u00e9ateur en 2016 de l\u2019Acad\u00e9mie de l\u2019Imaginaire, un concours d\u2019\u00e9criture p\u00e9riodique dont les textes ont \u00e9t\u00e9 publi\u00e9s sur Facebook et les meilleurs dans une anthologie.Toujours aussi passionn\u00e9, je m\u2019int\u00e9resse depuis quelques ann\u00e9es \u00e0 la photographie. Pour lier les deux passions, j\u2019ai d\u00e9velopp\u00e9 pendant le confinement, le concept d\u2019une photo\/un texte (\u00ab Raconte-moi une photographie \u00bb) pour divertir et attirer l\u2019attention sur la Croix rouge, organisme pr\u00e9sent dans tous les pays francophones des auteurs participants (disponibles aussi sur Facebook).<\/li>\n<\/ul>\n<hr \/>\n<p style=\"text-align: justify;\"><b>Christophe Corthouts<\/b>\u00a0(membre depuis 1999)<\/p>\n<ul style=\"text-align: justify;\">\n<li><a href=\"http:\/\/bobmorane.noosfere.org\/wp-content\/uploads\/2014\/03\/corthouts180.jpg\"><img loading=\"lazy\" decoding=\"async\" class=\"size-full wp-image-124 alignright\" src=\"http:\/\/bobmorane.noosfere.org\/wp-content\/uploads\/2014\/03\/corthouts180.jpg\" alt=\"\" width=\"135\" height=\"180\" \/><\/a>Christophe Corthouts est n\u00e9 en 1970. Depuis cette ann\u00e9e charni\u00e8re il a \u00e9t\u00e9\u00a0: petit, \u00e9colier, lunetteux, de taille moyenne, fan de Star Wars, Stephen King, Graham Masterton, Harlan Coben, Maxime Chattam, Franck Thilliez et quelques autres, triste, heureux, animateur, com\u00e9dien, auteur, journaliste, r\u00e9gisseur, organisateur, d\u00e9sorganis\u00e9, mari\u00e9, papa, lecteur, spectateur, cin\u00e9phile, amateur de rock, Henri Vernes, surpris, d\u00e9\u00e7u, Phenixophile, riche, pauvre, saoul, fatigu\u00e9, Christophe Collins, rapide, en retard, \u00e9nerv\u00e9, \u00e9nervant, amoureux. Et avant toute chose : curieux !<\/li>\n<\/ul>\n<hr \/>\n<p style=\"text-align: justify;\"><strong>L&rsquo;\u00e9quipe Phenixweb<\/strong>\u00a0(membre depuis 2017)<\/p>\n<p><a href=\"http:\/\/bobmorane.noosfere.org\/wp-content\/uploads\/2014\/03\/banniere_site.jpg\" rel=\"attachment wp-att-209\"><img loading=\"lazy\" decoding=\"async\" class=\"size-medium wp-image-209 aligncenter\" src=\"http:\/\/bobmorane.noosfere.org\/wp-content\/uploads\/2014\/03\/banniere_site-300x88.jpg\" alt=\"banniere_site\" width=\"300\" height=\"88\" srcset=\"https:\/\/bobmorane.noosfere.org\/wp-content\/uploads\/2014\/03\/banniere_site-300x88.jpg 300w, https:\/\/bobmorane.noosfere.org\/wp-content\/uploads\/2014\/03\/banniere_site-768x224.jpg 768w, https:\/\/bobmorane.noosfere.org\/wp-content\/uploads\/2014\/03\/banniere_site-1024x299.jpg 1024w, https:\/\/bobmorane.noosfere.org\/wp-content\/uploads\/2014\/03\/banniere_site-500x146.jpg 500w, https:\/\/bobmorane.noosfere.org\/wp-content\/uploads\/2014\/03\/banniere_site.jpg 1140w\" sizes=\"auto, (max-width: 300px) 100vw, 300px\" \/><\/a><\/p>\n<ul style=\"text-align: justify;\">\n<li>L&rsquo;\u00e9quipe de Phenixweb est compos\u00e9e de plusieurs chroniqueurs et critiques litt\u00e9raires sp\u00e9cialis\u00e9s dans la litt\u00e9rature de l&rsquo;imaginaire. Elle int\u00e8gre le jury Bob Morane pour apporter une contribution et un enrichissement plus vaste dans la s\u00e9lection des oeuvres.<\/li>\n<\/ul>\n<hr \/>\n<p><strong>Michael Fenris<\/strong> (membre depuis 2020)<\/p>\n<ul>\n<li>52 ans, m\u00e9decin g\u00e9n\u00e9raliste en r\u00e9gion parisienne depuis 2002, mari\u00e9 <a href=\"http:\/\/bobmorane.noosfere.org\/wp-content\/uploads\/2020\/05\/copie.jpg\"><img loading=\"lazy\" decoding=\"async\" class=\"size-full wp-image-325 alignright\" src=\"http:\/\/bobmorane.noosfere.org\/wp-content\/uploads\/2020\/05\/copie.jpg\" alt=\"\" width=\"200\" height=\"249\" \/><\/a>et p\u00e8re de trois enfants. \u00c9crivant depuis l\u2019\u00e2ge de onze ans, surtout le soir ou la nuit, explorant divers univers, du thriller \u00e0 l\u2019horreur, du fantastique au polar, ses sources d\u2019inspiration sont multiples, de Hodgson \u00e0 King, de Lovecraft \u00e0 Connelly, sans oublier celui qui lui a r\u00e9ellement donn\u00e9 envie d\u2019\u00e9crire, Henri Vernes, le p\u00e8re de Bob Morane.<br \/>\nAuteur de quinze romans et recueils de nouvelles, parus chez plusieurs \u00e9diteurs et en auto \u00e9dition.<\/li>\n<\/ul>\n<p>&nbsp;<\/p>\n<hr \/>\n<p><b>Cassandra Vivier<\/b> (les livres de cass) (Membre depuis 2022)<\/p>\n<p><a href=\"http:\/\/bobmorane.noosfere.org\/wp-content\/uploads\/2022\/05\/cassandra.jpeg\"><img loading=\"lazy\" decoding=\"async\" class=\" wp-image-423 alignleft\" src=\"http:\/\/bobmorane.noosfere.org\/wp-content\/uploads\/2022\/05\/cassandra.jpeg\" alt=\"\" width=\"202\" height=\"175\" \/><\/a>N\u00e9e en 1988, je suis une fan absolue de la lecture depuis ma plus tendre enfance. J\u2019ai \u00e9volu\u00e9 et grandi avec mes livres.<span class=\"gmail-Apple-converted-space\"><br \/>\n<\/span>Depuis une grosse ann\u00e9e, je me passionne \u00e9galement pour les nouveaux auteurs, et les auteurs moins connus (et auto \u00e9dit\u00e9s).<br \/>\nJe saoule tellement tout le monde avec ces livres que j\u2019ai cr\u00e9\u00e9 depuis un an ma page pour en parler.<br \/>\nQuelle ne fut pas ma joie d\u2019int\u00e9grer ce prestigieux concours et de pouvoir agrandir encore mon univers litt\u00e9raire.<br \/>\nJ\u2019adore d\u00e9couvrir de nouvelles plumes et \u00eatre subjugu\u00e9e par une histoire maitris\u00e9e de A \u00e0 Z.<\/p>\n<hr \/>\n<div>\n<p><strong>Maud Berrier (Books On the Radio)<\/strong> (Membre depuis 2022)<\/p>\n<p><a href=\"http:\/\/bobmorane.noosfere.org\/wp-content\/uploads\/2022\/06\/Maud.jpg\"><img loading=\"lazy\" decoding=\"async\" class=\"size-full wp-image-435 alignleft\" src=\"http:\/\/bobmorane.noosfere.org\/wp-content\/uploads\/2022\/06\/Maud.jpg\" alt=\"\" width=\"250\" height=\"204\" \/><\/a>N\u00e9e en 1984, c&rsquo;est mon professeur de primaires qui m&rsquo;a donn\u00e9 la passion du livre avec <em>Dracula<\/em> de Bram Stoker. Je me suis ensuite tourn\u00e9e vers d&rsquo;autres \u00e9crivains tels que Stephen King, Graham Masterton ou encore H.P. Lovecraft.<\/p>\n<\/div>\n<p>Puis vint la grande d\u00e9couverte du thriller avec <em>Les racines du mal<\/em> de Maurice G. Dantec.<\/p>\n<p>Depuis, le noir me poursuit.Toujours \u00e0 la d\u00e9couverte de nouveaux auteurs, j&rsquo;en parle tous les dimanches sur une radio libre belge dans ma s\u00e9quence \u00ab\u00a0Books On the Radio\u00a0\u00bb, alliant musique et litt\u00e9rature (mes deux grandes passions).<\/p>\n<div>\n<hr \/>\n<\/div>\n<p><strong>Marc Schaub<\/strong> (Membre depuis 2023)<\/p>\n<p>N\u00e9 en 73, en Alsace \u00e0 Mulhouse, je suis aujourd\u2019hui conducteur de train \u00e0 la SNCF.<a href=\"http:\/\/bobmorane.noosfere.org\/wp-content\/uploads\/2023\/04\/Marc-Schaub.jpg\"><img loading=\"lazy\" decoding=\"async\" class=\" wp-image-451 alignleft\" src=\"http:\/\/bobmorane.noosfere.org\/wp-content\/uploads\/2023\/04\/Marc-Schaub.jpg\" alt=\"\" width=\"274\" height=\"274\" srcset=\"https:\/\/bobmorane.noosfere.org\/wp-content\/uploads\/2023\/04\/Marc-Schaub.jpg 300w, https:\/\/bobmorane.noosfere.org\/wp-content\/uploads\/2023\/04\/Marc-Schaub-150x150.jpg 150w\" sizes=\"auto, (max-width: 274px) 100vw, 274px\" \/><\/a><\/p>\n<ul>\n<li>J\u2019ai d\u00e9couvert le plaisir de la lecture avec mon premier Stephen King (<em>Cujo<\/em>) quand j\u2019avais 12 ans. Aujourd\u2019hui je lis entre 60 et 80 romans par an. J\u2019essaie d\u2019aller sur diff\u00e9rents salons du polar tout au long de l\u2019ann\u00e9e, avec mon appareil photo en bandouli\u00e8re. J\u2019y ai fait de tr\u00e8s belles rencontres, d\u00e9couvert de nouveaux auteurs passionnants. Je m\u2019essaie \u00e0 faire des retours de lectures, que je trouve, sans fausse modestie, tr\u00e8s mal \u00e9crits, mais l\u2019envie de partager reste pr\u00e9sent, alors je continue.<\/li>\n<\/ul>\n<hr \/>\n<div>\n<div><strong>Aude Auffret<\/strong> (Membre depuis 2024)<\/div>\n<div><\/div>\n<div><span lang=\"FR\">Aude, 47 ans, j\u2019ai pass\u00e9 toute mon enfance au milieu des livres.<\/span><\/div>\n<div><\/div>\n<div><span lang=\"FR\">C\u2019est certainement ce qui m\u2019a donn\u00e9 le go\u00fbt de l\u2019\u00e9vasion.<\/span><\/div>\n<div><\/div>\n<div><span lang=\"FR\">Je travailles depuis bien trop longtemps dans une tranche de soci\u00e9t\u00e9 fran\u00e7aise repeinte en vert\u00a0<\/span><span lang=\"FR\">camouflage qui m\u2019a fait beaucoup voyager.<\/span><\/div>\n<div><\/div>\n<div><span lang=\"FR\">Je chronique mes lectures car je trouve un certain sens au fait d\u2019aider d\u2019autres personnes \u00e0 s\u2019\u00e9vader.<img loading=\"lazy\" decoding=\"async\" class=\" wp-image-453 alignleft\" src=\"https:\/\/masterton.noosfere.org\/wp-content\/uploads\/2023\/05\/aude-auffret-172x300.jpg\" alt=\"\" width=\"140\" height=\"236\" \/><\/span><\/div>\n<div><span lang=\"FR\">Je suis passionn\u00e9e par ce que je fais, par cette d\u00e9connexion avec le quotidien et la d\u00e9couverte fondamentale de nouveaut\u00e9.<\/span><\/div>\n<div><\/div>\n<div><span lang=\"FR\">C\u2019est pour cela qu\u2019aujourd\u2019hui je m\u2019applique \u00e0 mettre en avant les nouveaux auteurs, principalement ceux du registre horrifique, ce dernier ayant toujours \u00e9t\u00e9 pr\u00e9dominant dans mes choix litt\u00e9raires depuis l\u2019adolescence, certainement d\u00fb \u00e0 mon mentor Edgard Allan Poe.<\/span><\/div>\n<div><\/div>\n<div><span lang=\"FR\">Je pr\u00e9f\u00e8re les livres et les films d\u2019horreur \u00e0 la vraie vie qui, elle, me fait peur.<\/span><\/div>\n<div><\/div>\n<div><span lang=\"FR\">Le monde fantastique et unique de Tim Burton, son talent monstrueux sont ma seconde passion depuis toujours.<\/span><\/div>\n<\/div>\n<div><\/div>\n<div>\n<hr \/>\n<\/div>\n<h2 style=\"text-align: justify;\">Membres pass\u00e9s<\/h2>\n<ul>\n<li><b>Cassandra Vivier<\/b> (les livres de cass) (Membre de 2022 \u00e0 2024)<\/li>\n<li><strong>Doroth\u00e9e Bout<\/strong> (membre de 2019 \u00e0 2022)<\/li>\n<li><strong>Sonia Madeleine Maille <\/strong>(membre en 2022)<\/li>\n<li style=\"text-align: justify;\"><strong>Philippe Paygnard<\/strong> (membre de 2016 \u00e0 2022)<\/li>\n<li style=\"text-align: justify;\"><strong>No\u00e9 Gaillard<\/strong> (membre de 2016 \u00e0 2022)<\/li>\n<li style=\"text-align: justify;\"><strong>\u00c9ric Vial\u00a0<\/strong>(membre de 2016 \u00e0 2022)<\/li>\n<li><strong>Corinne Guyot-Sailly<\/strong> (membre de 2022 \u00e0 2023)<\/li>\n<li style=\"text-align: justify;\"><strong>Fabian Clavel<\/strong> (membre de 2015 \u00e0 2016)<\/li>\n<li style=\"text-align: justify;\"><b style=\"line-height: 1.5em;\">St\u00e9phanie Alc\u00e9silas<\/b><span style=\"line-height: 1.5em;\">\u00a0(membre de 2011 \u00e0 2015)<\/span><\/li>\n<li style=\"text-align: justify;\"><b>Jacques Baudou<\/b>\u00a0(membre de 1999 \u00e0 2003)<\/li>\n<li><strong>Philippe Ward<\/strong> (membre de 1999 \u00e0 2017)<\/li>\n<li style=\"text-align: justify;\"><b>Franck Boul\u00e8gue<\/b>\u00a0(membre de 2006 \u00e0 2011)<\/li>\n<li style=\"text-align: justify;\"><b>Florence Cirio<\/b>\u00a0(membre en 2011)<\/li>\n<li style=\"text-align: justify;\"><b style=\"line-height: 1.5em;\">Michel Dufranne<\/b><span style=\"line-height: 1.5em;\">\u00a0(membre de 1999 \u00e0 2015)<\/span><\/li>\n<li style=\"text-align: justify;\"><b>Club SFFF<\/b>\u00a0(membre en 2012, repr\u00e9sent\u00e9 par Sylvain Fontaine)<\/li>\n<li style=\"text-align: justify;\"><b>Jean-Marc Lain\u00e9<\/b>\u00a0(membre de 2002 \u00e0 2005)<\/li>\n<li style=\"text-align: justify;\"><b>Bruno Peeters<\/b>\u00a0(membre de 1999 \u00e0 2013)<\/li>\n<li style=\"text-align: justify;\"><b>Thomas Riquet<\/b> (membre en 2011)<\/li>\n<li style=\"text-align: justify;\"><b>Jean-Claude Vantroyen<\/b>\u00a0(membre de 1999 \u00e0 2003)<\/li>\n<li style=\"text-align: justify;\"><b>Alain Walsh<\/b> (membre de 1999 \u00e0 2014)<\/li>\n<li style=\"text-align: justify;\"><b style=\"line-height: 1.5em;\">G\u00e9rard Wissang<\/b><span style=\"line-height: 1.5em;\">\u00a0(membre de 2005 \u00e0 2009)<\/span><\/li>\n<li style=\"text-align: justify;\"><strong>Pierre G\u00e9vart<\/strong> (membre de 2015 \u00e0 2017)<\/li>\n<li style=\"text-align: justify;\"><strong>Emmanuel Gob<\/strong> (membre de 2013 \u00e0 2017)<\/li>\n<li style=\"text-align: justify;\"><b>Ren\u00e9-Marc Dolhen<\/b>\u00a0(membre de 2011 \u00e0 2017)<\/li>\n<li><b>Cathy Martin<\/b> (membre de 1999 \u00e0 2020)<\/li>\n<li><strong>Isabelle Arnaud <\/strong>(membre de 2016 \u00e0 2019)<\/li>\n<li><strong>Pascal J. Thomas<\/strong> (membre de 2016 \u00e0 2022)<\/li>\n<\/ul>\n","protected":false},"excerpt":{"rendered":"<p>MemBRES Marc Bailly\u00a0(membre et cr\u00e9ateur depuis 1999) Passionn\u00e9 par la litt\u00e9rature depuis mon plus jeune \u00e2ge. La litt\u00e9rature de l\u2019Imaginaire m\u2019a s\u00e9duit d\u00e8s ma d\u00e9couverte de Bob Morane. A partir de l\u00e0, cette passion ne m\u2019a jamais quitt\u00e9.Cr\u00e9ateur de Ph\u00e9nix, &hellip; <a href=\"https:\/\/bobmorane.noosfere.org\/?page_id=29\">Continuer la lecture <span class=\"meta-nav\">&rarr;<\/span><\/a><\/p>\n","protected":false},"author":1,"featured_media":0,"parent":0,"menu_order":0,"comment_status":"closed","ping_status":"closed","template":"","meta":{"footnotes":""},"class_list":["post-29","page","type-page","status-publish","hentry"],"_links":{"self":[{"href":"https:\/\/bobmorane.noosfere.org\/index.php?rest_route=\/wp\/v2\/pages\/29","targetHints":{"allow":["GET"]}}],"collection":[{"href":"https:\/\/bobmorane.noosfere.org\/index.php?rest_route=\/wp\/v2\/pages"}],"about":[{"href":"https:\/\/bobmorane.noosfere.org\/index.php?rest_route=\/wp\/v2\/types\/page"}],"author":[{"embeddable":true,"href":"https:\/\/bobmorane.noosfere.org\/index.php?rest_route=\/wp\/v2\/users\/1"}],"replies":[{"embeddable":true,"href":"https:\/\/bobmorane.noosfere.org\/index.php?rest_route=%2Fwp%2Fv2%2Fcomments&post=29"}],"version-history":[{"count":62,"href":"https:\/\/bobmorane.noosfere.org\/index.php?rest_route=\/wp\/v2\/pages\/29\/revisions"}],"predecessor-version":[{"id":538,"href":"https:\/\/bobmorane.noosfere.org\/index.php?rest_route=\/wp\/v2\/pages\/29\/revisions\/538"}],"wp:attachment":[{"href":"https:\/\/bobmorane.noosfere.org\/index.php?rest_route=%2Fwp%2Fv2%2Fmedia&parent=29"}],"curies":[{"name":"wp","href":"https:\/\/api.w.org\/{rel}","templated":true}]}}