{"id":2,"date":"2014-03-30T11:06:43","date_gmt":"2014-03-30T11:06:43","guid":{"rendered":"http:\/\/bm.mecreant.org\/?page_id=2"},"modified":"2015-12-27T16:57:39","modified_gmt":"2015-12-27T15:57:39","slug":"page-d-exemple","status":"publish","type":"page","link":"https:\/\/bobmorane.noosfere.org\/?page_id=2","title":{"rendered":"Pr\u00e9sentation"},"content":{"rendered":"<p>Le Prix Bob Morane a \u00e9t\u00e9 cr\u00e9\u00e9 en 1999 par Marc Bailly pour rendre hommage \u00e0 un des personnages les plus connus de l&rsquo;Imaginaire populaire. Cr\u00e9\u00e9 en 1953 par Henri Vernes, Bob Morane est d&rsquo;abord un h\u00e9ros de roman, puis il se d\u00e9cline en bandes dessin\u00e9es, en s\u00e9rie t\u00e9l\u00e9vis\u00e9e, en dessins anim\u00e9s et m\u00eame en jeu vid\u00e9o ! Son terrain de chasse ? Sans limite : science-fiction, fantastique, fantasy, espionnage, thriller. Ce qui nous permet de r\u00e9compenser des oeuvres dans chacun de ces domaines en totale libert\u00e9.<\/p>\n<p>Ce site vous permettra de d\u00e9couvrir les membres du jury, pr\u00e9sents et pass\u00e9s, les laur\u00e9ats des diff\u00e9rentes cat\u00e9gories, mais aussi certains finalistes, les modalit\u00e9s d&rsquo;attribution du Prix et beaucoup d&rsquo;autres surprises. A d\u00e9couvrir au fil du temps et des mises en ligne.<\/p>\n<p>Ce site, c&rsquo;est aussi VOTRE site, celui des milliers de lecteurs passionn\u00e9s d&rsquo;Imaginaire. Alors n&rsquo;h\u00e9sitez pas \u00e0 nous faire part de vos remarques et de vos suggestions.<\/p>\n<p>Bonne visite et \u00e0 bient\u00f4t&#8230;<\/p>\n<p>&nbsp;<\/p>\n<p>Photo de Henri Vernes : \u00a9\u00a0<a href=\"http:\/\/bobmorane.be\/henri-vernes.htm\">Arnaud Chorin<\/a><\/p>\n","protected":false},"excerpt":{"rendered":"<p>Le Prix Bob Morane a \u00e9t\u00e9 cr\u00e9\u00e9 en 1999 par Marc Bailly pour rendre hommage \u00e0 un des personnages les plus connus de l&rsquo;Imaginaire populaire. Cr\u00e9\u00e9 en 1953 par Henri Vernes, Bob Morane est d&rsquo;abord un h\u00e9ros de roman, puis &hellip; <a href=\"https:\/\/bobmorane.noosfere.org\/?page_id=2\">Continuer la lecture <span class=\"meta-nav\">&rarr;<\/span><\/a><\/p>\n","protected":false},"author":1,"featured_media":0,"parent":0,"menu_order":0,"comment_status":"closed","ping_status":"open","template":"","meta":{"footnotes":""},"class_list":["post-2","page","type-page","status-publish","hentry"],"_links":{"self":[{"href":"https:\/\/bobmorane.noosfere.org\/index.php?rest_route=\/wp\/v2\/pages\/2","targetHints":{"allow":["GET"]}}],"collection":[{"href":"https:\/\/bobmorane.noosfere.org\/index.php?rest_route=\/wp\/v2\/pages"}],"about":[{"href":"https:\/\/bobmorane.noosfere.org\/index.php?rest_route=\/wp\/v2\/types\/page"}],"author":[{"embeddable":true,"href":"https:\/\/bobmorane.noosfere.org\/index.php?rest_route=\/wp\/v2\/users\/1"}],"replies":[{"embeddable":true,"href":"https:\/\/bobmorane.noosfere.org\/index.php?rest_route=%2Fwp%2Fv2%2Fcomments&post=2"}],"version-history":[{"count":4,"href":"https:\/\/bobmorane.noosfere.org\/index.php?rest_route=\/wp\/v2\/pages\/2\/revisions"}],"predecessor-version":[{"id":140,"href":"https:\/\/bobmorane.noosfere.org\/index.php?rest_route=\/wp\/v2\/pages\/2\/revisions\/140"}],"wp:attachment":[{"href":"https:\/\/bobmorane.noosfere.org\/index.php?rest_route=%2Fwp%2Fv2%2Fmedia&parent=2"}],"curies":[{"name":"wp","href":"https:\/\/api.w.org\/{rel}","templated":true}]}}